{"id":392,"date":"2023-07-20T21:35:47","date_gmt":"2023-07-20T21:35:47","guid":{"rendered":"https:\/\/dim-id.com\/itsmo2023prueba\/?page_id=392"},"modified":"2023-10-23T12:14:50","modified_gmt":"2023-10-23T17:14:50","slug":"contacto","status":"publish","type":"page","link":"https:\/\/dim-id.com\/pruebaentradas2023\/contacto\/","title":{"rendered":"Contacto"},"content":{"rendered":"<body>\t\t<div data-elementor-type=\"wp-page\" data-elementor-id=\"392\" class=\"elementor elementor-392\" data-elementor-post-type=\"page\">\n\t\t\t\t\t\t<section class=\"elementor-section elementor-top-section elementor-element elementor-element-f297f33 elementor-section-boxed elementor-section-height-default elementor-section-height-default wpr-particle-no wpr-jarallax-no wpr-parallax-no wpr-sticky-section-no wpr-column-slider-no wpr-equal-height-no\" data-id=\"f297f33\" data-element_type=\"section\" data-e-type=\"section\">\n\t\t\t\t\t\t<div class=\"elementor-container elementor-column-gap-default\">\n\t\t\t\t\t<div class=\"elementor-column elementor-col-100 elementor-top-column elementor-element elementor-element-fc48f95\" data-id=\"fc48f95\" data-element_type=\"column\" data-e-type=\"column\">\n\t\t\t<div class=\"elementor-widget-wrap elementor-element-populated\">\n\t\t\t\t\t\t<div class=\"elementor-element elementor-element-049635b elementor-widget elementor-widget-slider_revolution\" data-id=\"049635b\" data-element_type=\"widget\" data-e-type=\"widget\" data-widget_type=\"slider_revolution.default\">\n\t\t\t\t<div class=\"elementor-widget-container\">\n\t\t\t\t\t\n\t\t<div class=\"wp-block-themepunch-revslider\">\n\t\t\t<!-- START contacto REVOLUTION SLIDER 6.7.18 --><p class=\"rs-p-wp-fix\"><\/p>\n\t\t\t<rs-module-wrap id=\"rev_slider_7_1_wrapper\" data-source=\"gallery\" style=\"visibility:hidden;background:transparent;padding:0;margin:0px auto;margin-top:0;margin-bottom:0;\">\n\t\t\t\t<rs-module id=\"rev_slider_7_1\" style=\"\" data-version=\"6.7.18\">\n\t\t\t\t\t<rs-slides style=\"overflow: hidden; position: absolute;\">\n\t\t\t\t\t\t<rs-slide style=\"position: absolute;\" data-key=\"rs-8\" data-title=\"Slide\" data-in=\"o:0;\" data-out=\"a:false;\">\n\t\t\t\t\t\t\t<img data-recalc-dims=\"1\" loading=\"lazy\" decoding=\"async\" src=\"https:\/\/i0.wp.com\/dim-id.com\/pruebaentradas2023\/wp-content\/plugins\/revslider\/sr6\/assets\/assets\/dummy.png?resize=800%2C183\" alt=\"\" title=\"bancontact\" width=\"800\" height=\"183\" class=\"rev-slidebg tp-rs-img rs-lazyload\" data-lazyload=\"\/\/dim-id.com\/pruebaentradas2023\/wp-content\/uploads\/2023\/10\/bancontact.jpg\" data-no-retina loading=\"lazy\">\n<!--\n\t\t\t\t\t\t\t--><rs-layer id=\"slider-7-slide-8-layer-0\" data-type=\"text\" data-color=\"#ffffff\" data-tsh=\"c:rgba(0,0,0,0.56);b:10px;\" data-rsp_ch=\"on\" data-xy=\"x:46px;y:297px;\" data-text=\"w:normal;s:50;\" data-frame_999=\"o:0;st:w;\" style=\"z-index:5;font-family:'Montserrat';\">Contacto \n\t\t\t\t\t\t\t<\/rs-layer><!--\n-->\t\t\t\t\t<\/rs-slide>\n\t\t\t\t\t<\/rs-slides>\n\t\t\t\t<\/rs-module>\n\t\t\t\t<script>\n\t\t\t\t\tsetREVStartSize({c: 'rev_slider_7_1',rl:[1240,1024,778,480],el:[363],gw:[1240],gh:[363],type:'standard',justify:'',layout:'fullwidth',mh:\"0\"});if (window.RS_MODULES!==undefined && window.RS_MODULES.modules!==undefined && window.RS_MODULES.modules[\"revslider71\"]!==undefined) {window.RS_MODULES.modules[\"revslider71\"].once = false;window.revapi7 = undefined;if (window.RS_MODULES.checkMinimal!==undefined) window.RS_MODULES.checkMinimal()}\n\t\t\t\t<\/script>\n\t\t\t<\/rs-module-wrap>\n\t\t\t<!-- END REVOLUTION SLIDER -->\n<\/div>\n\n\t\t\t\t\t\t<\/div>\n\t\t\t\t<\/div>\n\t\t\t\t\t<\/div>\n\t\t<\/div>\n\t\t\t\t\t<\/div>\n\t\t<\/section>\n\t\t\t\t<section class=\"elementor-section elementor-top-section elementor-element elementor-element-6428952 elementor-section-boxed elementor-section-height-default elementor-section-height-default wpr-particle-no wpr-jarallax-no wpr-parallax-no wpr-sticky-section-no wpr-column-slider-no wpr-equal-height-no\" data-id=\"6428952\" data-element_type=\"section\" data-e-type=\"section\">\n\t\t\t\t\t\t<div class=\"elementor-container elementor-column-gap-default\">\n\t\t\t\t\t<div class=\"elementor-column elementor-col-50 elementor-top-column elementor-element elementor-element-6433778\" data-id=\"6433778\" data-element_type=\"column\" data-e-type=\"column\">\n\t\t\t<div class=\"elementor-widget-wrap elementor-element-populated\">\n\t\t\t\t\t\t<div class=\"elementor-element elementor-element-70dedae elementor-widget elementor-widget-text-editor\" data-id=\"70dedae\" data-element_type=\"widget\" data-e-type=\"widget\" data-widget_type=\"text-editor.default\">\n\t\t\t\t<div class=\"elementor-widget-container\">\n\t\t\t\t\t\t\t\t\t<div class=\"td-main-content-wrap td-main-page-wrap td-container-wrap\"><div class=\"tdc-content-wrap\"><div><div id=\"td_uid_1_6536a81a0a642\" class=\"tdc-zone\"><div class=\"tdc_zone td_uid_4_6536a81a0a649_rand wpb_row td-pb-row\"><div id=\"td_uid_2_6536a81a0aacf\" class=\"tdc-row\"><div class=\"vc_row td_uid_5_6536a81a0aad4_rand wpb_row td-pb-row\"><div class=\"vc_column td_uid_6_6536a81a0aca7_rand wpb_column vc_column_container tdc-column td-pb-span12\"><div class=\"wpb_wrapper\"><div class=\"td_block_wrap td_block_text_with_title td_uid_7_6536a81a0af13_rand td-pb-border-top td_block_template_1\" data-td-block-uid=\"td_uid_7_6536a81a0af13\"><div class=\"td_mod_wrap td-fix-index\"><p><strong>Revista ISTMO<\/strong><br><span style=\"color: var( --e-global-color-text ); font-family: var( --e-global-typography-text-font-family ), Sans-serif; font-weight: var( --e-global-typography-text-font-weight ); font-size: 1rem;\">Editada por Sociedad Panamericana de Estudios Empresariales, A.C<br><\/span><a style=\"font-family: var( --e-global-typography-text-font-family ), Sans-serif; font-weight: var( --e-global-typography-text-font-weight ); background-color: #ffffff; font-size: 1rem;\" href=\"mailto:istmo@ipade.mx\">istmo@ipade.mx<\/a><br>55 5354 1800<\/p><p><strong>Editorial<\/strong><br><span style=\"font-family: var( --e-global-typography-text-font-family ), Sans-serif; font-weight: var( --e-global-typography-text-font-weight ); font-size: 1rem;\">Alejandrina Lincoln Strange<br><\/span><a style=\"font-family: var( --e-global-typography-text-font-family ), Sans-serif; font-weight: var( --e-global-typography-text-font-weight ); background-color: #ffffff; font-size: 1rem;\" href=\"mailto:alincoln@ipade.mx\">alincoln@ipade.mx<\/a><br><span style=\"color: var( --e-global-color-text ); font-family: var( --e-global-typography-text-font-family ), Sans-serif; font-weight: var( --e-global-typography-text-font-weight ); font-size: 1rem;\">55 53541800 ext. 1529<\/span><\/p><\/div><\/div><\/div><\/div><\/div><\/div><\/div><\/div><\/div><\/div><\/div>\t\t\t\t\t\t\t\t<\/div>\n\t\t\t\t<\/div>\n\t\t\t\t\t<\/div>\n\t\t<\/div>\n\t\t\t\t<div class=\"elementor-column elementor-col-50 elementor-top-column elementor-element elementor-element-e969a83\" data-id=\"e969a83\" data-element_type=\"column\" data-e-type=\"column\">\n\t\t\t<div class=\"elementor-widget-wrap elementor-element-populated\">\n\t\t\t\t\t\t<div class=\"elementor-element elementor-element-cd8422c elementor-widget elementor-widget-text-editor\" data-id=\"cd8422c\" data-element_type=\"widget\" data-e-type=\"widget\" data-widget_type=\"text-editor.default\">\n\t\t\t\t<div class=\"elementor-widget-container\">\n\t\t\t\t\t\t\t\t\t<div class=\"td-main-content-wrap td-main-page-wrap td-container-wrap\"><div class=\"tdc-content-wrap\"><div><div id=\"td_uid_1_6536a81a0a642\" class=\"tdc-zone\"><div class=\"tdc_zone td_uid_4_6536a81a0a649_rand wpb_row td-pb-row\"><div id=\"td_uid_2_6536a81a0aacf\" class=\"tdc-row\"><div class=\"vc_row td_uid_5_6536a81a0aad4_rand wpb_row td-pb-row\"><div class=\"vc_column td_uid_6_6536a81a0aca7_rand wpb_column vc_column_container tdc-column td-pb-span12\"><div class=\"wpb_wrapper\"><div class=\"td_block_wrap td_block_text_with_title td_uid_7_6536a81a0af13_rand td-pb-border-top td_block_template_1\" data-td-block-uid=\"td_uid_7_6536a81a0af13\"><div class=\"td_mod_wrap td-fix-index\"><p><strong>Publicidad y relaci\u00f3n con marcas<br><\/strong>Daniela Flores Basurto<span style=\"font-family: var( --e-global-typography-text-font-family ), Sans-serif; font-weight: var( --e-global-typography-text-font-weight ); font-size: 1rem;\"><br><\/span><a style=\"font-family: var( --e-global-typography-text-font-family ), Sans-serif; font-weight: var( --e-global-typography-text-font-weight ); background-color: #ffffff; font-size: 1rem;\" href=\"mailto:danielaflores@ipade.mx\">danielaflores@ipade.mx<\/a><br><span style=\"color: var( --e-global-color-text ); font-family: var( --e-global-typography-text-font-family ), Sans-serif; font-weight: var( --e-global-typography-text-font-weight ); font-size: 1rem;\">55 53541800 ext. 1529<\/span><\/p><p><strong><span style=\"color: var( --e-global-color-text ); font-family: var( --e-global-typography-text-font-family ), Sans-serif; font-size: 1rem;\">Administraci\u00f3n y suscripciones<br><\/span><\/strong>Mariana Dom\u00ednguez Tamayo<br><a style=\"font-family: var( --e-global-typography-text-font-family ), Sans-serif; font-weight: var( --e-global-typography-text-font-weight ); background-color: #ffffff; font-size: 1rem;\" href=\"mailto:mdominguez@ipade.mx\">mdominguez@ipade.mx<\/a><br><span style=\"color: var( --e-global-color-text ); font-family: var( --e-global-typography-text-font-family ), Sans-serif; font-weight: var( --e-global-typography-text-font-weight ); font-size: 1rem;\">55 53541800 ext. 1616<\/span><\/p><\/div><\/div><\/div><\/div><\/div><\/div><\/div><\/div><\/div><\/div><\/div><div class=\"td-footer-wrapper td-footer-container td-container-wrap td-footer-template-14 \"><div class=\"td-container td-footer-bottom-full\"><div class=\"td-pb-row\"><p class=\"td-pb-span3\">\u00a0<\/p><\/div><\/div><\/div>\t\t\t\t\t\t\t\t<\/div>\n\t\t\t\t<\/div>\n\t\t\t\t\t<\/div>\n\t\t<\/div>\n\t\t\t\t\t<\/div>\n\t\t<\/section>\n\t\t\t\t<section class=\"elementor-section elementor-top-section elementor-element elementor-element-1308d7f elementor-section-content-middle elementor-section-boxed elementor-section-height-default elementor-section-height-default wpr-particle-no wpr-jarallax-no wpr-parallax-no wpr-sticky-section-no wpr-column-slider-no wpr-equal-height-no\" data-id=\"1308d7f\" data-element_type=\"section\" data-e-type=\"section\">\n\t\t\t\t\t\t<div class=\"elementor-container elementor-column-gap-default\">\n\t\t\t\t\t<div class=\"elementor-column elementor-col-50 elementor-top-column elementor-element elementor-element-76df56f\" data-id=\"76df56f\" data-element_type=\"column\" data-e-type=\"column\">\n\t\t\t<div class=\"elementor-widget-wrap elementor-element-populated\">\n\t\t\t\t\t\t<div class=\"elementor-element elementor-element-4ee2719 elementor-widget elementor-widget-heading\" data-id=\"4ee2719\" data-element_type=\"widget\" data-e-type=\"widget\" data-widget_type=\"heading.default\">\n\t\t\t\t<div class=\"elementor-widget-container\">\n\t\t\t\t\t<h5 class=\"elementor-heading-title elementor-size-default\">Cont\u00e1ctanos<\/h5>\t\t\t\t<\/div>\n\t\t\t\t<\/div>\n\t\t\t\t<div class=\"elementor-element elementor-element-e6cbd2c elementor-button-align-stretch elementor-widget elementor-widget-form\" data-id=\"e6cbd2c\" data-element_type=\"widget\" data-e-type=\"widget\" data-settings=\"{&quot;step_next_label&quot;:&quot;Next&quot;,&quot;step_previous_label&quot;:&quot;Previous&quot;,&quot;button_width&quot;:&quot;100&quot;,&quot;step_type&quot;:&quot;number_text&quot;,&quot;step_icon_shape&quot;:&quot;circle&quot;}\" data-widget_type=\"form.default\">\n\t\t\t\t<div class=\"elementor-widget-container\">\n\t\t\t\t\t\t\t<form class=\"elementor-form\" method=\"post\" name=\"New Form\">\n\t\t\t<input type=\"hidden\" name=\"post_id\" value=\"392\">\n\t\t\t<input type=\"hidden\" name=\"form_id\" value=\"e6cbd2c\">\n\t\t\t<input type=\"hidden\" name=\"referer_title\" value=\"Revista ISTMO\">\n\n\t\t\t\n\t\t\t<div class=\"elementor-form-fields-wrapper elementor-labels-above\">\n\t\t\t\t\t\t\t\t<div class=\"elementor-field-type-text elementor-field-group elementor-column elementor-field-group-name elementor-col-100\">\n\t\t\t\t\t\t\t\t\t\t\t\t<label for=\"form-field-name\" class=\"elementor-field-label\">\n\t\t\t\t\t\t\t\tNombre\t\t\t\t\t\t\t<\/label>\n\t\t\t\t\t\t\t\t\t\t\t\t\t\t<input size=\"1\" type=\"text\" name=\"form_fields[name]\" id=\"form-field-name\" class=\"elementor-field elementor-size-sm  elementor-field-textual\">\n\t\t\t\t\t\t\t\t\t\t\t<\/div>\n\t\t\t\t\t\t\t\t<div class=\"elementor-field-type-email elementor-field-group elementor-column elementor-field-group-email elementor-col-100 elementor-field-required\">\n\t\t\t\t\t\t\t\t\t\t\t\t<label for=\"form-field-email\" class=\"elementor-field-label\">\n\t\t\t\t\t\t\t\tEmail\t\t\t\t\t\t\t<\/label>\n\t\t\t\t\t\t\t\t\t\t\t\t\t\t<input size=\"1\" type=\"email\" name=\"form_fields[email]\" id=\"form-field-email\" class=\"elementor-field elementor-size-sm  elementor-field-textual\" required=\"required\" aria-required=\"true\">\n\t\t\t\t\t\t\t\t\t\t\t<\/div>\n\t\t\t\t\t\t\t\t<div class=\"elementor-field-type-textarea elementor-field-group elementor-column elementor-field-group-message elementor-col-100\">\n\t\t\t\t\t\t\t\t\t\t\t\t<label for=\"form-field-message\" class=\"elementor-field-label\">\n\t\t\t\t\t\t\t\tMensaje\t\t\t\t\t\t\t<\/label>\n\t\t\t\t\t\t<textarea class=\"elementor-field-textual elementor-field  elementor-size-sm\" name=\"form_fields[message]\" id=\"form-field-message\" rows=\"4\"><\/textarea>\t\t\t\t<\/div>\n\t\t\t\t\t\t\t\t<div class=\"elementor-field-group elementor-column elementor-field-type-submit elementor-col-100 e-form__buttons\">\n\t\t\t\t\t<button type=\"submit\" class=\"elementor-button elementor-size-sm\">\n\t\t\t\t\t\t<span>\n\t\t\t\t\t\t\t\t\t\t\t\t\t\t\t<span class=\" elementor-button-icon\">\n\t\t\t\t\t\t\t\t\t\t\t\t\t\t\t\t\t\t\t\t\t\t\t\t\t\t<\/span>\n\t\t\t\t\t\t\t\t\t\t\t\t\t\t\t\t\t\t\t\t\t\t<span class=\"elementor-button-text\">Enviar<\/span>\n\t\t\t\t\t\t\t\t\t\t\t\t\t<\/span>\n\t\t\t\t\t<\/button>\n\t\t\t\t<\/div>\n\t\t\t<\/div>\n\t\t<\/form>\n\t\t\t\t\t\t<\/div>\n\t\t\t\t<\/div>\n\t\t\t\t<div class=\"elementor-element elementor-element-ef25bef elementor-shape-circle elementor-grid-0 e-grid-align-center elementor-widget elementor-widget-social-icons\" data-id=\"ef25bef\" data-element_type=\"widget\" data-e-type=\"widget\" data-widget_type=\"social-icons.default\">\n\t\t\t\t<div class=\"elementor-widget-container\">\n\t\t\t\t\t\t\t<div class=\"elementor-social-icons-wrapper elementor-grid\" role=\"list\">\n\t\t\t\t\t\t\t<span class=\"elementor-grid-item\" role=\"listitem\">\n\t\t\t\t\t<a class=\"elementor-icon elementor-social-icon elementor-social-icon-facebook elementor-repeater-item-22cdab6\" target=\"_blank\">\n\t\t\t\t\t\t<span class=\"elementor-screen-only\">Facebook<\/span>\n\t\t\t\t\t\t<i aria-hidden=\"true\" class=\"fab fa-facebook\"><\/i>\t\t\t\t\t<\/a>\n\t\t\t\t<\/span>\n\t\t\t\t\t\t\t<span class=\"elementor-grid-item\" role=\"listitem\">\n\t\t\t\t\t<a class=\"elementor-icon elementor-social-icon elementor-social-icon-twitter elementor-repeater-item-940e5eb\" target=\"_blank\">\n\t\t\t\t\t\t<span class=\"elementor-screen-only\">Twitter<\/span>\n\t\t\t\t\t\t<i aria-hidden=\"true\" class=\"fab fa-twitter\"><\/i>\t\t\t\t\t<\/a>\n\t\t\t\t<\/span>\n\t\t\t\t\t\t\t<span class=\"elementor-grid-item\" role=\"listitem\">\n\t\t\t\t\t<a class=\"elementor-icon elementor-social-icon elementor-social-icon-youtube elementor-repeater-item-a928563\" target=\"_blank\">\n\t\t\t\t\t\t<span class=\"elementor-screen-only\">Youtube<\/span>\n\t\t\t\t\t\t<i aria-hidden=\"true\" class=\"fab fa-youtube\"><\/i>\t\t\t\t\t<\/a>\n\t\t\t\t<\/span>\n\t\t\t\t\t<\/div>\n\t\t\t\t\t\t<\/div>\n\t\t\t\t<\/div>\n\t\t\t\t\t<\/div>\n\t\t<\/div>\n\t\t\t\t<div class=\"elementor-column elementor-col-50 elementor-top-column elementor-element elementor-element-51a0505\" data-id=\"51a0505\" data-element_type=\"column\" data-e-type=\"column\">\n\t\t\t<div class=\"elementor-widget-wrap elementor-element-populated\">\n\t\t\t\t\t\t<div class=\"elementor-element elementor-element-912d1f1 elementor-widget elementor-widget-text-editor\" data-id=\"912d1f1\" data-element_type=\"widget\" data-e-type=\"widget\" data-widget_type=\"text-editor.default\">\n\t\t\t\t<div class=\"elementor-widget-container\">\n\t\t\t\t\t\t\t\t\t<div class=\"td-main-content-wrap td-main-page-wrap td-container-wrap\"><div class=\"tdc-content-wrap\"><div id=\"td_uid_1_6536a81a0a642\" class=\"tdc-zone\"><div class=\"tdc_zone td_uid_4_6536a81a0a649_rand wpb_row td-pb-row\"><div id=\"td_uid_2_6536a81a0aacf\" class=\"tdc-row\"><div class=\"vc_row td_uid_5_6536a81a0aad4_rand wpb_row td-pb-row\"><div class=\"vc_column td_uid_6_6536a81a0aca7_rand wpb_column vc_column_container tdc-column td-pb-span12\"><div class=\"wpb_wrapper\"><div class=\"td_block_wrap td_block_text_with_title td_uid_7_6536a81a0af13_rand td-pb-border-top td_block_template_1\" data-td-block-uid=\"td_uid_7_6536a81a0af13\"><div class=\"td_mod_wrap td-fix-index\"><p>Floresta 20, Claver\u00eda. CDMX 02080<\/p><\/div><\/div><\/div><\/div><\/div><\/div><\/div><\/div><\/div><\/div>\t\t\t\t\t\t\t\t<\/div>\n\t\t\t\t<\/div>\n\t\t\t\t<div class=\"elementor-element elementor-element-97b4db3 elementor-widget elementor-widget-google_maps\" data-id=\"97b4db3\" data-element_type=\"widget\" data-e-type=\"widget\" data-widget_type=\"google_maps.default\">\n\t\t\t\t<div class=\"elementor-widget-container\">\n\t\t\t\t\t\t\t<div class=\"elementor-custom-embed\">\n\t\t\t<iframe loading=\"lazy\" src=\"https:\/\/maps.google.com\/maps?q=ipade&amp;t=m&amp;z=13&amp;output=embed&amp;iwloc=near\" title=\"ipade\" aria-label=\"ipade\"><\/iframe>\n\t\t<\/div>\n\t\t\t\t\t\t<\/div>\n\t\t\t\t<\/div>\n\t\t\t\t\t<\/div>\n\t\t<\/div>\n\t\t\t\t\t<\/div>\n\t\t<\/section>\n\t\t\t\t<\/div>\n\t\t<\/body>","protected":false},"excerpt":{"rendered":"<p>Revista ISTMOEditada por Sociedad Panamericana de Estudios Empresariales, A.Cistmo@ipade.mx55 5354 1800 EditorialAlejandrina Lincoln Strangealincoln@ipade.mx55 53541800 ext. 1529 Publicidad y relaci\u00f3n con marcasDaniela Flores Basurtodanielaflores@ipade.mx55 53541800 ext. 1529 Administraci\u00f3n y suscripcionesMariana Dom\u00ednguez Tamayomdominguez@ipade.mx55 53541800 ext. 1616 \u00a0 Cont\u00e1ctanos Facebook Twitter Youtube Floresta 20, Claver\u00eda. CDMX 02080<\/p>\n","protected":false},"author":1,"featured_media":0,"parent":0,"menu_order":0,"comment_status":"closed","ping_status":"closed","template":"","meta":{"om_disable_all_campaigns":false,"footnotes":""},"class_list":["post-392","page","type-page","status-publish","hentry"],"yoast_head":"<!-- This site is optimized with the Yoast SEO Premium plugin v21.2 (Yoast SEO v27.6) - https:\/\/yoast.com\/product\/yoast-seo-premium-wordpress\/ -->\n<title>Contacto - Revista ISTMO<\/title>\n<meta name=\"robots\" content=\"index, follow, max-snippet:-1, max-image-preview:large, max-video-preview:-1\" \/>\n<link rel=\"canonical\" href=\"https:\/\/dim-id.com\/pruebaentradas2023\/contacto\/\" \/>\n<meta property=\"og:locale\" content=\"es_MX\" \/>\n<meta property=\"og:type\" content=\"article\" \/>\n<meta property=\"og:title\" content=\"Contacto\" \/>\n<meta property=\"og:description\" content=\"Revista ISTMOEditada por Sociedad Panamericana de Estudios Empresariales, A.Cistmo@ipade.mx55 5354 1800 EditorialAlejandrina Lincoln Strangealincoln@ipade.mx55 53541800 ext. 1529 Publicidad y relaci\u00f3n con marcasDaniela Flores Basurtodanielaflores@ipade.mx55 53541800 ext. 1529 Administraci\u00f3n y suscripcionesMariana Dom\u00ednguez Tamayomdominguez@ipade.mx55 53541800 ext. 1616 \u00a0 Cont\u00e1ctanos Facebook Twitter Youtube Floresta 20, Claver\u00eda. CDMX 02080\" \/>\n<meta property=\"og:url\" content=\"https:\/\/dim-id.com\/pruebaentradas2023\/contacto\/\" \/>\n<meta property=\"og:site_name\" content=\"Revista ISTMO\" \/>\n<meta property=\"article:modified_time\" content=\"2023-10-23T17:14:50+00:00\" \/>\n<meta name=\"twitter:card\" content=\"summary_large_image\" \/>\n<meta name=\"twitter:label1\" content=\"Tiempo de lectura\" \/>\n\t<meta name=\"twitter:data1\" content=\"1 minuto\" \/>\n<script type=\"application\/ld+json\" class=\"yoast-schema-graph\">{\"@context\":\"https:\\\/\\\/schema.org\",\"@graph\":[{\"@type\":\"WebPage\",\"@id\":\"https:\\\/\\\/dim-id.com\\\/pruebaentradas2023\\\/contacto\\\/\",\"url\":\"https:\\\/\\\/dim-id.com\\\/pruebaentradas2023\\\/contacto\\\/\",\"name\":\"Contacto - Revista ISTMO\",\"isPartOf\":{\"@id\":\"https:\\\/\\\/dim-id.com\\\/pruebaentradas2023\\\/#website\"},\"datePublished\":\"2023-07-20T21:35:47+00:00\",\"dateModified\":\"2023-10-23T17:14:50+00:00\",\"breadcrumb\":{\"@id\":\"https:\\\/\\\/dim-id.com\\\/pruebaentradas2023\\\/contacto\\\/#breadcrumb\"},\"inLanguage\":\"es\",\"potentialAction\":[{\"@type\":\"ReadAction\",\"target\":[\"https:\\\/\\\/dim-id.com\\\/pruebaentradas2023\\\/contacto\\\/\"]}]},{\"@type\":\"BreadcrumbList\",\"@id\":\"https:\\\/\\\/dim-id.com\\\/pruebaentradas2023\\\/contacto\\\/#breadcrumb\",\"itemListElement\":[{\"@type\":\"ListItem\",\"position\":1,\"name\":\"Home\",\"item\":\"https:\\\/\\\/dim-id.com\\\/pruebaentradas2023\\\/\"},{\"@type\":\"ListItem\",\"position\":2,\"name\":\"Contacto\"}]},{\"@type\":\"WebSite\",\"@id\":\"https:\\\/\\\/dim-id.com\\\/pruebaentradas2023\\\/#website\",\"url\":\"https:\\\/\\\/dim-id.com\\\/pruebaentradas2023\\\/\",\"name\":\"Revista ISTMO\",\"description\":\"Liderazgo con valores\",\"potentialAction\":[{\"@type\":\"SearchAction\",\"target\":{\"@type\":\"EntryPoint\",\"urlTemplate\":\"https:\\\/\\\/dim-id.com\\\/pruebaentradas2023\\\/?s={search_term_string}\"},\"query-input\":{\"@type\":\"PropertyValueSpecification\",\"valueRequired\":true,\"valueName\":\"search_term_string\"}}],\"inLanguage\":\"es\"}]}<\/script>\n<!-- \/ Yoast SEO Premium plugin. -->","yoast_head_json":{"title":"Contacto - Revista ISTMO","robots":{"index":"index","follow":"follow","max-snippet":"max-snippet:-1","max-image-preview":"max-image-preview:large","max-video-preview":"max-video-preview:-1"},"canonical":"https:\/\/dim-id.com\/pruebaentradas2023\/contacto\/","og_locale":"es_MX","og_type":"article","og_title":"Contacto","og_description":"Revista ISTMOEditada por Sociedad Panamericana de Estudios Empresariales, A.Cistmo@ipade.mx55 5354 1800 EditorialAlejandrina Lincoln Strangealincoln@ipade.mx55 53541800 ext. 1529 Publicidad y relaci\u00f3n con marcasDaniela Flores Basurtodanielaflores@ipade.mx55 53541800 ext. 1529 Administraci\u00f3n y suscripcionesMariana Dom\u00ednguez Tamayomdominguez@ipade.mx55 53541800 ext. 1616 \u00a0 Cont\u00e1ctanos Facebook Twitter Youtube Floresta 20, Claver\u00eda. CDMX 02080","og_url":"https:\/\/dim-id.com\/pruebaentradas2023\/contacto\/","og_site_name":"Revista ISTMO","article_modified_time":"2023-10-23T17:14:50+00:00","twitter_card":"summary_large_image","twitter_misc":{"Tiempo de lectura":"1 minuto"},"schema":{"@context":"https:\/\/schema.org","@graph":[{"@type":"WebPage","@id":"https:\/\/dim-id.com\/pruebaentradas2023\/contacto\/","url":"https:\/\/dim-id.com\/pruebaentradas2023\/contacto\/","name":"Contacto - Revista ISTMO","isPartOf":{"@id":"https:\/\/dim-id.com\/pruebaentradas2023\/#website"},"datePublished":"2023-07-20T21:35:47+00:00","dateModified":"2023-10-23T17:14:50+00:00","breadcrumb":{"@id":"https:\/\/dim-id.com\/pruebaentradas2023\/contacto\/#breadcrumb"},"inLanguage":"es","potentialAction":[{"@type":"ReadAction","target":["https:\/\/dim-id.com\/pruebaentradas2023\/contacto\/"]}]},{"@type":"BreadcrumbList","@id":"https:\/\/dim-id.com\/pruebaentradas2023\/contacto\/#breadcrumb","itemListElement":[{"@type":"ListItem","position":1,"name":"Home","item":"https:\/\/dim-id.com\/pruebaentradas2023\/"},{"@type":"ListItem","position":2,"name":"Contacto"}]},{"@type":"WebSite","@id":"https:\/\/dim-id.com\/pruebaentradas2023\/#website","url":"https:\/\/dim-id.com\/pruebaentradas2023\/","name":"Revista ISTMO","description":"Liderazgo con valores","potentialAction":[{"@type":"SearchAction","target":{"@type":"EntryPoint","urlTemplate":"https:\/\/dim-id.com\/pruebaentradas2023\/?s={search_term_string}"},"query-input":{"@type":"PropertyValueSpecification","valueRequired":true,"valueName":"search_term_string"}}],"inLanguage":"es"}]}},"jetpack_sharing_enabled":true,"_links":{"self":[{"href":"https:\/\/dim-id.com\/pruebaentradas2023\/wp-json\/wp\/v2\/pages\/392","targetHints":{"allow":["GET"]}}],"collection":[{"href":"https:\/\/dim-id.com\/pruebaentradas2023\/wp-json\/wp\/v2\/pages"}],"about":[{"href":"https:\/\/dim-id.com\/pruebaentradas2023\/wp-json\/wp\/v2\/types\/page"}],"author":[{"embeddable":true,"href":"https:\/\/dim-id.com\/pruebaentradas2023\/wp-json\/wp\/v2\/users\/1"}],"replies":[{"embeddable":true,"href":"https:\/\/dim-id.com\/pruebaentradas2023\/wp-json\/wp\/v2\/comments?post=392"}],"version-history":[{"count":13,"href":"https:\/\/dim-id.com\/pruebaentradas2023\/wp-json\/wp\/v2\/pages\/392\/revisions"}],"predecessor-version":[{"id":2659846,"href":"https:\/\/dim-id.com\/pruebaentradas2023\/wp-json\/wp\/v2\/pages\/392\/revisions\/2659846"}],"wp:attachment":[{"href":"https:\/\/dim-id.com\/pruebaentradas2023\/wp-json\/wp\/v2\/media?parent=392"}],"curies":[{"name":"wp","href":"https:\/\/api.w.org\/{rel}","templated":true}]}}