{"id":2660981,"date":"2023-11-02T19:00:37","date_gmt":"2023-11-03T00:00:37","guid":{"rendered":"https:\/\/dim-id.com\/pruebaentradas2023\/?page_id=2660981"},"modified":"2023-11-02T19:16:54","modified_gmt":"2023-11-03T00:16:54","slug":"suscripcion","status":"publish","type":"page","link":"https:\/\/dim-id.com\/pruebaentradas2023\/suscripcion\/","title":{"rendered":"Suscripci\u00f3n"},"content":{"rendered":"<body>\t\t<div data-elementor-type=\"wp-page\" data-elementor-id=\"2660981\" class=\"elementor elementor-2660981\" data-elementor-post-type=\"page\">\n\t\t\t\t\t\t<section class=\"elementor-section elementor-top-section elementor-element elementor-element-f297f33 elementor-section-boxed elementor-section-height-default elementor-section-height-default wpr-particle-no wpr-jarallax-no wpr-parallax-no wpr-sticky-section-no wpr-column-slider-no wpr-equal-height-no\" data-id=\"f297f33\" data-element_type=\"section\" data-e-type=\"section\">\n\t\t\t\t\t\t<div class=\"elementor-container elementor-column-gap-default\">\n\t\t\t\t\t<div class=\"elementor-column elementor-col-100 elementor-top-column elementor-element elementor-element-fc48f95\" data-id=\"fc48f95\" data-element_type=\"column\" data-e-type=\"column\">\n\t\t\t<div class=\"elementor-widget-wrap elementor-element-populated\">\n\t\t\t\t\t\t<div class=\"elementor-element elementor-element-049635b elementor-widget elementor-widget-slider_revolution\" data-id=\"049635b\" data-element_type=\"widget\" data-e-type=\"widget\" data-widget_type=\"slider_revolution.default\">\n\t\t\t\t<div class=\"elementor-widget-container\">\n\t\t\t\t\t\n\t\t<div class=\"wp-block-themepunch-revslider\">\n\t\t\t<!-- START edicones REVOLUTION SLIDER 6.7.18 --><p class=\"rs-p-wp-fix\"><\/p>\n\t\t\t<rs-module-wrap id=\"rev_slider_4_1_wrapper\" data-source=\"gallery\" style=\"visibility:hidden;background:transparent;padding:0;margin:0px auto;margin-top:0;margin-bottom:0;\">\n\t\t\t\t<rs-module id=\"rev_slider_4_1\" style=\"\" data-version=\"6.7.18\">\n\t\t\t\t\t<rs-slides style=\"overflow: hidden; position: absolute;\">\n\t\t\t\t\t\t<rs-slide style=\"position: absolute;\" data-key=\"rs-5\" data-title=\"Slide\" data-in=\"o:0;\" data-out=\"a:false;\">\n\t\t\t\t\t\t\t<img data-recalc-dims=\"1\" loading=\"lazy\" decoding=\"async\" src=\"https:\/\/i0.wp.com\/dim-id.com\/pruebaentradas2023\/wp-content\/plugins\/revslider\/sr6\/assets\/assets\/dummy.png?resize=800%2C297\" alt=\"\" title=\"banner-revista\" width=\"800\" height=\"297\" class=\"rev-slidebg tp-rs-img rs-lazyload\" data-lazyload=\"\/\/dim-id.com\/pruebaentradas2023\/wp-content\/uploads\/2023\/10\/banner-revista.jpg\" data-no-retina loading=\"lazy\">\n<!---->\t\t\t\t\t<\/rs-slide>\n\t\t\t\t\t<\/rs-slides>\n\t\t\t\t<\/rs-module>\n\t\t\t\t<script>\n\t\t\t\t\tsetREVStartSize({c: 'rev_slider_4_1',rl:[1240,1024,778,480],el:[363],gw:[1240],gh:[363],type:'standard',justify:'',layout:'fullwidth',mh:\"0\"});if (window.RS_MODULES!==undefined && window.RS_MODULES.modules!==undefined && window.RS_MODULES.modules[\"revslider41\"]!==undefined) {window.RS_MODULES.modules[\"revslider41\"].once = false;window.revapi4 = undefined;if (window.RS_MODULES.checkMinimal!==undefined) window.RS_MODULES.checkMinimal()}\n\t\t\t\t<\/script>\n\t\t\t<\/rs-module-wrap>\n\t\t\t<!-- END REVOLUTION SLIDER -->\n<\/div>\n\n\t\t\t\t\t\t<\/div>\n\t\t\t\t<\/div>\n\t\t\t\t\t<\/div>\n\t\t<\/div>\n\t\t\t\t\t<\/div>\n\t\t<\/section>\n\t\t\t\t<section class=\"elementor-section elementor-top-section elementor-element elementor-element-846c478 elementor-section-boxed elementor-section-height-default elementor-section-height-default wpr-particle-no wpr-jarallax-no wpr-parallax-no wpr-sticky-section-no wpr-column-slider-no wpr-equal-height-no\" data-id=\"846c478\" data-element_type=\"section\" data-e-type=\"section\">\n\t\t\t\t\t\t<div class=\"elementor-container elementor-column-gap-default\">\n\t\t\t\t\t<div class=\"elementor-column elementor-col-100 elementor-top-column elementor-element elementor-element-4e49345\" data-id=\"4e49345\" data-element_type=\"column\" data-e-type=\"column\">\n\t\t\t<div class=\"elementor-widget-wrap elementor-element-populated\">\n\t\t\t\t\t\t<div class=\"elementor-element elementor-element-d24f363 elementor-widget elementor-widget-text-editor\" data-id=\"d24f363\" data-element_type=\"widget\" data-e-type=\"widget\" data-widget_type=\"text-editor.default\">\n\t\t\t\t<div class=\"elementor-widget-container\">\n\t\t\t\t\t\t\t\t\t<h2 style=\"text-align: center;\">$480 Suscripci\u00f3n anual<\/h2>\t\t\t\t\t\t\t\t<\/div>\n\t\t\t\t<\/div>\n\t\t\t\t<div class=\"elementor-element elementor-element-5a767d0 elementor-widget elementor-widget-text-editor\" data-id=\"5a767d0\" data-element_type=\"widget\" data-e-type=\"widget\" data-widget_type=\"text-editor.default\">\n\t\t\t\t<div class=\"elementor-widget-container\">\n\t\t\t\t\t\t\t\t\t<p style=\"text-align: center;\">Recibe 6 ediciones impresas y forma parte de esta comunidad.<\/p>\t\t\t\t\t\t\t\t<\/div>\n\t\t\t\t<\/div>\n\t\t\t\t<div class=\"elementor-element elementor-element-2ab487b elementor-align-justify elementor-widget elementor-widget-button\" data-id=\"2ab487b\" data-element_type=\"widget\" data-e-type=\"widget\" data-widget_type=\"button.default\">\n\t\t\t\t<div class=\"elementor-widget-container\">\n\t\t\t\t\t\t\t\t\t<div class=\"elementor-button-wrapper\">\n\t\t\t\t\t<a class=\"elementor-button elementor-button-link elementor-size-sm\" href=\"mailto:mdominguez@ipade.mx\">\n\t\t\t\t\t\t<span class=\"elementor-button-content-wrapper\">\n\t\t\t\t\t\t\t\t\t<span class=\"elementor-button-text\">Suscr\u00edbete aqu\u00ed<\/span>\n\t\t\t\t\t<\/span>\n\t\t\t\t\t<\/a>\n\t\t\t\t<\/div>\n\t\t\t\t\t\t\t\t<\/div>\n\t\t\t\t<\/div>\n\t\t\t\t<div class=\"elementor-element elementor-element-8fcf401 elementor-widget elementor-widget-spacer\" data-id=\"8fcf401\" data-element_type=\"widget\" data-e-type=\"widget\" data-widget_type=\"spacer.default\">\n\t\t\t\t<div class=\"elementor-widget-container\">\n\t\t\t\t\t\t\t<div class=\"elementor-spacer\">\n\t\t\t<div class=\"elementor-spacer-inner\"><\/div>\n\t\t<\/div>\n\t\t\t\t\t\t<\/div>\n\t\t\t\t<\/div>\n\t\t\t\t<div class=\"elementor-element elementor-element-cf969f1 elementor-widget-divider--view-line elementor-widget elementor-widget-divider\" data-id=\"cf969f1\" data-element_type=\"widget\" data-e-type=\"widget\" data-widget_type=\"divider.default\">\n\t\t\t\t<div class=\"elementor-widget-container\">\n\t\t\t\t\t\t\t<div class=\"elementor-divider\">\n\t\t\t<span class=\"elementor-divider-separator\">\n\t\t\t\t\t\t<\/span>\n\t\t<\/div>\n\t\t\t\t\t\t<\/div>\n\t\t\t\t<\/div>\n\t\t\t\t<div class=\"elementor-element elementor-element-df8b6c0 elementor-widget elementor-widget-text-editor\" data-id=\"df8b6c0\" data-element_type=\"widget\" data-e-type=\"widget\" data-widget_type=\"text-editor.default\">\n\t\t\t\t<div class=\"elementor-widget-container\">\n\t\t\t\t\t\t\t\t\t<h2 style=\"text-align: center;\">$816 Suscripci\u00f3n por dos a\u00f1os<\/h2>\t\t\t\t\t\t\t\t<\/div>\n\t\t\t\t<\/div>\n\t\t\t\t<div class=\"elementor-element elementor-element-f1246d5 elementor-widget elementor-widget-text-editor\" data-id=\"f1246d5\" data-element_type=\"widget\" data-e-type=\"widget\" data-widget_type=\"text-editor.default\">\n\t\t\t\t<div class=\"elementor-widget-container\">\n\t\t\t\t\t\t\t\t\t<p style=\"text-align: center;\">Recibe 12 ediciones impresas y forma parte de esta comunidad.<\/p>\t\t\t\t\t\t\t\t<\/div>\n\t\t\t\t<\/div>\n\t\t\t\t<div class=\"elementor-element elementor-element-92205ed elementor-align-justify elementor-widget elementor-widget-button\" data-id=\"92205ed\" data-element_type=\"widget\" data-e-type=\"widget\" data-widget_type=\"button.default\">\n\t\t\t\t<div class=\"elementor-widget-container\">\n\t\t\t\t\t\t\t\t\t<div class=\"elementor-button-wrapper\">\n\t\t\t\t\t<a class=\"elementor-button elementor-button-link elementor-size-sm\" href=\"mailto:mdominguez@ipade.mx\">\n\t\t\t\t\t\t<span class=\"elementor-button-content-wrapper\">\n\t\t\t\t\t\t\t\t\t<span class=\"elementor-button-text\">Suscr\u00edbete aqu\u00ed<\/span>\n\t\t\t\t\t<\/span>\n\t\t\t\t\t<\/a>\n\t\t\t\t<\/div>\n\t\t\t\t\t\t\t\t<\/div>\n\t\t\t\t<\/div>\n\t\t\t\t<div class=\"elementor-element elementor-element-435c039 elementor-widget-divider--view-line elementor-widget elementor-widget-divider\" data-id=\"435c039\" data-element_type=\"widget\" data-e-type=\"widget\" data-widget_type=\"divider.default\">\n\t\t\t\t<div class=\"elementor-widget-container\">\n\t\t\t\t\t\t\t<div class=\"elementor-divider\">\n\t\t\t<span class=\"elementor-divider-separator\">\n\t\t\t\t\t\t<\/span>\n\t\t<\/div>\n\t\t\t\t\t\t<\/div>\n\t\t\t\t<\/div>\n\t\t\t\t\t<\/div>\n\t\t<\/div>\n\t\t\t\t\t<\/div>\n\t\t<\/section>\n\t\t<div class=\"elementor-element elementor-element-a68c356 e-flex e-con-boxed wpr-particle-no wpr-jarallax-no wpr-parallax-no wpr-sticky-section-no wpr-column-slider-no wpr-equal-height-no e-con e-parent\" data-id=\"a68c356\" data-element_type=\"container\" data-e-type=\"container\" data-settings=\"{&quot;background_background&quot;:&quot;classic&quot;}\">\n\t\t\t\t\t<div class=\"e-con-inner\">\n\t\t<div class=\"elementor-element elementor-element-16731ba e-con-full e-flex wpr-particle-no wpr-jarallax-no wpr-parallax-no wpr-sticky-section-no wpr-column-slider-no wpr-equal-height-no e-con e-child\" data-id=\"16731ba\" data-element_type=\"container\" data-e-type=\"container\">\n\t\t\t\t<div class=\"elementor-element elementor-element-d9d481a elementor-widget elementor-widget-text-editor\" data-id=\"d9d481a\" data-element_type=\"widget\" data-e-type=\"widget\" data-widget_type=\"text-editor.default\">\n\t\t\t\t<div class=\"elementor-widget-container\">\n\t\t\t\t\t\t\t\t\t<h2 style=\"text-align: left;\"><span style=\"color: #ffffff;\">Contacto<\/span><\/h2>\t\t\t\t\t\t\t\t<\/div>\n\t\t\t\t<\/div>\n\t\t\t\t<\/div>\n\t\t<div class=\"elementor-element elementor-element-f454482 e-con-full e-flex wpr-particle-no wpr-jarallax-no wpr-parallax-no wpr-sticky-section-no wpr-column-slider-no wpr-equal-height-no e-con e-child\" data-id=\"f454482\" data-element_type=\"container\" data-e-type=\"container\">\n\t\t\t\t<div class=\"elementor-element elementor-element-6b1ff50 elementor-widget elementor-widget-text-editor\" data-id=\"6b1ff50\" data-element_type=\"widget\" data-e-type=\"widget\" data-widget_type=\"text-editor.default\">\n\t\t\t\t<div class=\"elementor-widget-container\">\n\t\t\t\t\t\t\t\t\t<p style=\"text-align: left;\"><span style=\"color: #ffffff;\"><strong>Mariana Dom\u00ednguez<br><\/strong><a style=\"color: #ffffff;\" href=\"mailto:mdominguez@ipade.mx\">mdominguez@ipade.mx<\/a><br>Tel\u00e9fono: <a style=\"color: #ffffff;\" href=\"tel:5512501616\">55 1250 1616<\/a><\/span><\/p>\t\t\t\t\t\t\t\t<\/div>\n\t\t\t\t<\/div>\n\t\t\t\t<\/div>\n\t\t\t\t\t<\/div>\n\t\t\t\t<\/div>\n\t\t\t\t<\/div>\n\t\t<\/body>","protected":false},"excerpt":{"rendered":"<p>$480 Suscripci\u00f3n anual Recibe 6 ediciones impresas y forma parte de esta comunidad. Suscr\u00edbete aqu\u00ed $816 Suscripci\u00f3n por dos a\u00f1os Recibe 12 ediciones impresas y forma parte de esta comunidad. Suscr\u00edbete aqu\u00ed Contacto Mariana Dom\u00ednguezmdominguez@ipade.mxTel\u00e9fono: 55 1250 1616<\/p>\n","protected":false},"author":1,"featured_media":0,"parent":0,"menu_order":0,"comment_status":"closed","ping_status":"closed","template":"","meta":{"om_disable_all_campaigns":false,"footnotes":""},"class_list":["post-2660981","page","type-page","status-publish","hentry"],"yoast_head":"<!-- This site is optimized with the Yoast SEO Premium plugin v21.2 (Yoast SEO v27.6) - https:\/\/yoast.com\/product\/yoast-seo-premium-wordpress\/ -->\n<title>Suscripci\u00f3n - Revista ISTMO<\/title>\n<meta name=\"robots\" content=\"index, follow, max-snippet:-1, max-image-preview:large, max-video-preview:-1\" \/>\n<link rel=\"canonical\" href=\"https:\/\/dim-id.com\/pruebaentradas2023\/suscripcion\/\" \/>\n<meta property=\"og:locale\" content=\"es_MX\" \/>\n<meta property=\"og:type\" content=\"article\" \/>\n<meta property=\"og:title\" content=\"Suscripci\u00f3n\" \/>\n<meta property=\"og:description\" content=\"$480 Suscripci\u00f3n anual Recibe 6 ediciones impresas y forma parte de esta comunidad. Suscr\u00edbete aqu\u00ed $816 Suscripci\u00f3n por dos a\u00f1os Recibe 12 ediciones impresas y forma parte de esta comunidad. Suscr\u00edbete aqu\u00ed Contacto Mariana Dom\u00ednguezmdominguez@ipade.mxTel\u00e9fono: 55 1250 1616\" \/>\n<meta property=\"og:url\" content=\"https:\/\/dim-id.com\/pruebaentradas2023\/suscripcion\/\" \/>\n<meta property=\"og:site_name\" content=\"Revista ISTMO\" \/>\n<meta property=\"article:modified_time\" content=\"2023-11-03T00:16:54+00:00\" \/>\n<meta name=\"twitter:card\" content=\"summary_large_image\" \/>\n<meta name=\"twitter:label1\" content=\"Tiempo de lectura\" \/>\n\t<meta name=\"twitter:data1\" content=\"1 minuto\" \/>\n<script type=\"application\/ld+json\" class=\"yoast-schema-graph\">{\"@context\":\"https:\\\/\\\/schema.org\",\"@graph\":[{\"@type\":\"WebPage\",\"@id\":\"https:\\\/\\\/dim-id.com\\\/pruebaentradas2023\\\/suscripcion\\\/\",\"url\":\"https:\\\/\\\/dim-id.com\\\/pruebaentradas2023\\\/suscripcion\\\/\",\"name\":\"Suscripci\u00f3n - Revista ISTMO\",\"isPartOf\":{\"@id\":\"https:\\\/\\\/dim-id.com\\\/pruebaentradas2023\\\/#website\"},\"datePublished\":\"2023-11-03T00:00:37+00:00\",\"dateModified\":\"2023-11-03T00:16:54+00:00\",\"breadcrumb\":{\"@id\":\"https:\\\/\\\/dim-id.com\\\/pruebaentradas2023\\\/suscripcion\\\/#breadcrumb\"},\"inLanguage\":\"es\",\"potentialAction\":[{\"@type\":\"ReadAction\",\"target\":[\"https:\\\/\\\/dim-id.com\\\/pruebaentradas2023\\\/suscripcion\\\/\"]}]},{\"@type\":\"BreadcrumbList\",\"@id\":\"https:\\\/\\\/dim-id.com\\\/pruebaentradas2023\\\/suscripcion\\\/#breadcrumb\",\"itemListElement\":[{\"@type\":\"ListItem\",\"position\":1,\"name\":\"Home\",\"item\":\"https:\\\/\\\/dim-id.com\\\/pruebaentradas2023\\\/\"},{\"@type\":\"ListItem\",\"position\":2,\"name\":\"Suscripci\u00f3n\"}]},{\"@type\":\"WebSite\",\"@id\":\"https:\\\/\\\/dim-id.com\\\/pruebaentradas2023\\\/#website\",\"url\":\"https:\\\/\\\/dim-id.com\\\/pruebaentradas2023\\\/\",\"name\":\"Revista ISTMO\",\"description\":\"Liderazgo con valores\",\"potentialAction\":[{\"@type\":\"SearchAction\",\"target\":{\"@type\":\"EntryPoint\",\"urlTemplate\":\"https:\\\/\\\/dim-id.com\\\/pruebaentradas2023\\\/?s={search_term_string}\"},\"query-input\":{\"@type\":\"PropertyValueSpecification\",\"valueRequired\":true,\"valueName\":\"search_term_string\"}}],\"inLanguage\":\"es\"}]}<\/script>\n<!-- \/ Yoast SEO Premium plugin. -->","yoast_head_json":{"title":"Suscripci\u00f3n - Revista ISTMO","robots":{"index":"index","follow":"follow","max-snippet":"max-snippet:-1","max-image-preview":"max-image-preview:large","max-video-preview":"max-video-preview:-1"},"canonical":"https:\/\/dim-id.com\/pruebaentradas2023\/suscripcion\/","og_locale":"es_MX","og_type":"article","og_title":"Suscripci\u00f3n","og_description":"$480 Suscripci\u00f3n anual Recibe 6 ediciones impresas y forma parte de esta comunidad. Suscr\u00edbete aqu\u00ed $816 Suscripci\u00f3n por dos a\u00f1os Recibe 12 ediciones impresas y forma parte de esta comunidad. Suscr\u00edbete aqu\u00ed Contacto Mariana Dom\u00ednguezmdominguez@ipade.mxTel\u00e9fono: 55 1250 1616","og_url":"https:\/\/dim-id.com\/pruebaentradas2023\/suscripcion\/","og_site_name":"Revista ISTMO","article_modified_time":"2023-11-03T00:16:54+00:00","twitter_card":"summary_large_image","twitter_misc":{"Tiempo de lectura":"1 minuto"},"schema":{"@context":"https:\/\/schema.org","@graph":[{"@type":"WebPage","@id":"https:\/\/dim-id.com\/pruebaentradas2023\/suscripcion\/","url":"https:\/\/dim-id.com\/pruebaentradas2023\/suscripcion\/","name":"Suscripci\u00f3n - Revista ISTMO","isPartOf":{"@id":"https:\/\/dim-id.com\/pruebaentradas2023\/#website"},"datePublished":"2023-11-03T00:00:37+00:00","dateModified":"2023-11-03T00:16:54+00:00","breadcrumb":{"@id":"https:\/\/dim-id.com\/pruebaentradas2023\/suscripcion\/#breadcrumb"},"inLanguage":"es","potentialAction":[{"@type":"ReadAction","target":["https:\/\/dim-id.com\/pruebaentradas2023\/suscripcion\/"]}]},{"@type":"BreadcrumbList","@id":"https:\/\/dim-id.com\/pruebaentradas2023\/suscripcion\/#breadcrumb","itemListElement":[{"@type":"ListItem","position":1,"name":"Home","item":"https:\/\/dim-id.com\/pruebaentradas2023\/"},{"@type":"ListItem","position":2,"name":"Suscripci\u00f3n"}]},{"@type":"WebSite","@id":"https:\/\/dim-id.com\/pruebaentradas2023\/#website","url":"https:\/\/dim-id.com\/pruebaentradas2023\/","name":"Revista ISTMO","description":"Liderazgo con valores","potentialAction":[{"@type":"SearchAction","target":{"@type":"EntryPoint","urlTemplate":"https:\/\/dim-id.com\/pruebaentradas2023\/?s={search_term_string}"},"query-input":{"@type":"PropertyValueSpecification","valueRequired":true,"valueName":"search_term_string"}}],"inLanguage":"es"}]}},"jetpack_sharing_enabled":true,"_links":{"self":[{"href":"https:\/\/dim-id.com\/pruebaentradas2023\/wp-json\/wp\/v2\/pages\/2660981","targetHints":{"allow":["GET"]}}],"collection":[{"href":"https:\/\/dim-id.com\/pruebaentradas2023\/wp-json\/wp\/v2\/pages"}],"about":[{"href":"https:\/\/dim-id.com\/pruebaentradas2023\/wp-json\/wp\/v2\/types\/page"}],"author":[{"embeddable":true,"href":"https:\/\/dim-id.com\/pruebaentradas2023\/wp-json\/wp\/v2\/users\/1"}],"replies":[{"embeddable":true,"href":"https:\/\/dim-id.com\/pruebaentradas2023\/wp-json\/wp\/v2\/comments?post=2660981"}],"version-history":[{"count":13,"href":"https:\/\/dim-id.com\/pruebaentradas2023\/wp-json\/wp\/v2\/pages\/2660981\/revisions"}],"predecessor-version":[{"id":2660995,"href":"https:\/\/dim-id.com\/pruebaentradas2023\/wp-json\/wp\/v2\/pages\/2660981\/revisions\/2660995"}],"wp:attachment":[{"href":"https:\/\/dim-id.com\/pruebaentradas2023\/wp-json\/wp\/v2\/media?parent=2660981"}],"curies":[{"name":"wp","href":"https:\/\/api.w.org\/{rel}","templated":true}]}}