{"id":2660296,"date":"2023-10-31T17:00:35","date_gmt":"2023-10-31T22:00:35","guid":{"rendered":"https:\/\/dim-id.com\/pruebaentradas2023\/?page_id=2660296"},"modified":"2023-11-02T12:16:13","modified_gmt":"2023-11-02T17:16:13","slug":"istmo-review-11","status":"publish","type":"page","link":"https:\/\/dim-id.com\/pruebaentradas2023\/istmo-review-11\/","title":{"rendered":"istmo review 11"},"content":{"rendered":"<body>\t\t<div data-elementor-type=\"wp-page\" data-elementor-id=\"2660296\" class=\"elementor elementor-2660296\" data-elementor-post-type=\"page\">\n\t\t\t\t\t\t<section class=\"elementor-section elementor-top-section elementor-element elementor-element-f297f33 elementor-section-boxed elementor-section-height-default elementor-section-height-default wpr-particle-no wpr-jarallax-no wpr-parallax-no wpr-sticky-section-no wpr-column-slider-no wpr-equal-height-no\" data-id=\"f297f33\" data-element_type=\"section\" data-e-type=\"section\">\n\t\t\t\t\t\t<div class=\"elementor-container elementor-column-gap-default\">\n\t\t\t\t\t<div class=\"elementor-column elementor-col-100 elementor-top-column elementor-element elementor-element-fc48f95\" data-id=\"fc48f95\" data-element_type=\"column\" data-e-type=\"column\">\n\t\t\t<div class=\"elementor-widget-wrap elementor-element-populated\">\n\t\t\t\t\t\t<div class=\"elementor-element elementor-element-049635b elementor-widget elementor-widget-slider_revolution\" data-id=\"049635b\" data-element_type=\"widget\" data-e-type=\"widget\" data-widget_type=\"slider_revolution.default\">\n\t\t\t\t<div class=\"elementor-widget-container\">\n\t\t\t\t\t\n\t\t<div class=\"wp-block-themepunch-revslider\">\n\t\t\t<!-- START portadas REVOLUTION SLIDER 6.7.18 --><p class=\"rs-p-wp-fix\"><\/p>\n\t\t\t<rs-module-wrap id=\"rev_slider_9_1_wrapper\" data-source=\"gallery\" style=\"visibility:hidden;background:transparent;padding:0;margin:0px auto;margin-top:0;margin-bottom:0;\">\n\t\t\t\t<rs-module id=\"rev_slider_9_1\" style=\"\" data-version=\"6.7.18\">\n\t\t\t\t\t<rs-slides style=\"overflow: hidden; position: absolute;\">\n\t\t\t\t\t\t<rs-slide style=\"position: absolute;\" data-key=\"rs-10\" data-title=\"Slide\" data-in=\"o:0;\" data-out=\"a:false;\">\n\t\t\t\t\t\t\t<img data-recalc-dims=\"1\" loading=\"lazy\" decoding=\"async\" src=\"https:\/\/i0.wp.com\/dim-id.com\/pruebaentradas2023\/wp-content\/plugins\/revslider\/sr6\/assets\/assets\/dummy.png?resize=800%2C297\" alt=\"\" title=\"banner-review\" width=\"800\" height=\"297\" class=\"rev-slidebg tp-rs-img rs-lazyload\" data-lazyload=\"\/\/dim-id.com\/pruebaentradas2023\/wp-content\/uploads\/2023\/10\/banner-review.jpg\" data-no-retina loading=\"lazy\">\n<!---->\t\t\t\t\t<\/rs-slide>\n\t\t\t\t\t<\/rs-slides>\n\t\t\t\t<\/rs-module>\n\t\t\t\t<script>\n\t\t\t\t\tsetREVStartSize({c: 'rev_slider_9_1',rl:[1240,1024,778,480],el:[363],gw:[1240],gh:[363],type:'standard',justify:'',layout:'fullwidth',mh:\"0\"});if (window.RS_MODULES!==undefined && window.RS_MODULES.modules!==undefined && window.RS_MODULES.modules[\"revslider91\"]!==undefined) {window.RS_MODULES.modules[\"revslider91\"].once = false;window.revapi9 = undefined;if (window.RS_MODULES.checkMinimal!==undefined) window.RS_MODULES.checkMinimal()}\n\t\t\t\t<\/script>\n\t\t\t<\/rs-module-wrap>\n\t\t\t<!-- END REVOLUTION SLIDER -->\n<\/div>\n\n\t\t\t\t\t\t<\/div>\n\t\t\t\t<\/div>\n\t\t\t\t\t<\/div>\n\t\t<\/div>\n\t\t\t\t\t<\/div>\n\t\t<\/section>\n\t\t\t\t<section class=\"elementor-section elementor-top-section elementor-element elementor-element-1ecc8fa elementor-section-boxed elementor-section-height-default elementor-section-height-default wpr-particle-no wpr-jarallax-no wpr-parallax-no wpr-sticky-section-no wpr-column-slider-no wpr-equal-height-no\" data-id=\"1ecc8fa\" data-element_type=\"section\" data-e-type=\"section\">\n\t\t\t\t\t\t<div class=\"elementor-container elementor-column-gap-default\">\n\t\t\t\t\t<div class=\"elementor-column elementor-col-100 elementor-top-column elementor-element elementor-element-b93d426\" data-id=\"b93d426\" data-element_type=\"column\" data-e-type=\"column\">\n\t\t\t<div class=\"elementor-widget-wrap elementor-element-populated\">\n\t\t\t\t\t\t<div class=\"elementor-element elementor-element-1aba5b7 elementor-widget elementor-widget-text-editor\" data-id=\"1aba5b7\" data-element_type=\"widget\" data-e-type=\"widget\" data-widget_type=\"text-editor.default\">\n\t\t\t\t<div class=\"elementor-widget-container\">\n\t\t\t\t\t\t\t\t\t<h2 style=\"text-align: center;\">istmo review 11<\/h2>\t\t\t\t\t\t\t\t<\/div>\n\t\t\t\t<\/div>\n\t\t\t\t\t<\/div>\n\t\t<\/div>\n\t\t\t\t\t<\/div>\n\t\t<\/section>\n\t\t\t\t<section class=\"elementor-section elementor-top-section elementor-element elementor-element-975bb73 elementor-section-boxed elementor-section-height-default elementor-section-height-default wpr-particle-no wpr-jarallax-no wpr-parallax-no wpr-sticky-section-no wpr-column-slider-no wpr-equal-height-no\" data-id=\"975bb73\" data-element_type=\"section\" data-e-type=\"section\">\n\t\t\t\t\t\t<div class=\"elementor-container elementor-column-gap-default\">\n\t\t\t\t\t<div class=\"elementor-column elementor-col-100 elementor-top-column elementor-element elementor-element-fd856f7\" data-id=\"fd856f7\" data-element_type=\"column\" data-e-type=\"column\">\n\t\t\t<div class=\"elementor-widget-wrap elementor-element-populated\">\n\t\t\t\t\t\t<div class=\"elementor-element elementor-element-eb474b0 elementor-widget-divider--view-line elementor-widget elementor-widget-divider\" data-id=\"eb474b0\" data-element_type=\"widget\" data-e-type=\"widget\" data-widget_type=\"divider.default\">\n\t\t\t\t<div class=\"elementor-widget-container\">\n\t\t\t\t\t\t\t<div class=\"elementor-divider\">\n\t\t\t<span class=\"elementor-divider-separator\">\n\t\t\t\t\t\t<\/span>\n\t\t<\/div>\n\t\t\t\t\t\t<\/div>\n\t\t\t\t<\/div>\n\t\t\t\t\t<\/div>\n\t\t<\/div>\n\t\t\t\t\t<\/div>\n\t\t<\/section>\n\t\t\t\t<section class=\"elementor-section elementor-top-section elementor-element elementor-element-afc78c3 elementor-section-boxed elementor-section-height-default elementor-section-height-default wpr-particle-no wpr-jarallax-no wpr-parallax-no wpr-sticky-section-no wpr-column-slider-no wpr-equal-height-no\" data-id=\"afc78c3\" data-element_type=\"section\" data-e-type=\"section\">\n\t\t\t\t\t\t<div class=\"elementor-container elementor-column-gap-default\">\n\t\t\t\t\t<div class=\"elementor-column elementor-col-25 elementor-top-column elementor-element elementor-element-612cb8e\" data-id=\"612cb8e\" data-element_type=\"column\" data-e-type=\"column\">\n\t\t\t<div class=\"elementor-widget-wrap elementor-element-populated\">\n\t\t\t\t\t\t<div class=\"elementor-element elementor-element-db06602 elementor-widget elementor-widget-image\" data-id=\"db06602\" data-element_type=\"widget\" data-e-type=\"widget\" data-widget_type=\"image.default\">\n\t\t\t\t<div class=\"elementor-widget-container\">\n\t\t\t\t\t\t\t\t\t\t\t\t\t\t\t\t<a href=\"#\" target=\"_blank\">\n\t\t\t\t\t\t\t<img loading=\"lazy\" decoding=\"async\" width=\"233\" height=\"280\" src=\"https:\/\/i0.wp.com\/dim-id.com\/pruebaentradas2023\/wp-content\/uploads\/2023\/10\/Screen-Shot-2023-10-31-at-15.59.12.png?fit=233%2C280&amp;ssl=1\" class=\"attachment-large size-large wp-image-2660298\" alt=\"\" loading=\"lazy\">\t\t\t\t\t\t\t\t<\/a>\n\t\t\t\t\t\t\t\t\t\t\t\t\t\t\t<\/div>\n\t\t\t\t<\/div>\n\t\t\t\t<div class=\"elementor-element elementor-element-57ae75d elementor-widget elementor-widget-text-editor\" data-id=\"57ae75d\" data-element_type=\"widget\" data-e-type=\"widget\" data-widget_type=\"text-editor.default\">\n\t\t\t\t<div class=\"elementor-widget-container\">\n\t\t\t\t\t\t\t\t\t<\/div><\/div><\/div><\/div><\/div><\/section>\n<p><strong>Agosto \u2013 Septiembre 2022<\/strong><\/p>\n<\/div><\/body>","protected":false},"excerpt":{"rendered":"<p>istmo review 11 Agosto &#8211; Septiembre 2022 Haz clic en la portada y obt\u00e9n la versi\u00f3n hojeable. Tambi\u00e9n encontrar\u00e1s disponible las opciones de descarga EPUB y PDF. \u00a1Bienvenido! Descargar PDF EPUB MERCEDES BENZ__________ Ver anuncio EDITORIAL____________ \u00bfC\u00f3mo alimentar a todos?\u00bb. Apostamos por analizar esta tem\u00e1tica, pues, sin duda, estamos frente a un horizonte complejo: el cambio clim\u00e1tico ha afectado la seguridad alimentaria por bajos rendimientos de cultivos y de productividad del ganado, y, por otro lado, en el mundo se desperdician 931 millones de toneladas de alimentos cada a\u00f1o. Ante este panorama, \u00bfqu\u00e9 acciones se pueden llevar a cabo? Descargar PDF EPUB CONOCE A LOS ARTICULISTAS DE ESTA EDICI\u00d3N_____________ Descargar PDF EPUB LOS FONDOS POR LA PANDEMIA PARA CONECTAR RESERVAS IND\u00cdGENAS CHOCAN CON LA INFLACI\u00d3N____________ ROBERT CHANEY Fuera de las ciudades y los suburbios, que ocupan apenas el 3% del territorio de EE UU, a\u00fan resulta complicado conseguir un servicio de internet fiable. EPUB MONTBLANC_____________ Ver anuncio HOW THE RETAIL GROCERY SECTOR DEALT WITH THE PANDEMIC_____________ INTERVIEW WITH SCOTT MCCLELLAND \u00abIf you can tap into the collective intelligence of all the people who work for you, it makes it a lot easier and takes the pressure off a few because everyone can then contribute\u00bb. Descargar PDF EPUB C\u00d3MO TRABAJAR EN UN SINDICATO_____________ ENTREVISTA CON ALEJANDRO MART\u00cdMEZ ARAIZA \u00abEl papel de cualquier l\u00edder es inspirar, orientar, ser ejemplo, sacar lo mejor de las personas, formar equipos de trabajo\u2026 y eso incluye al liderazgo sindical\u00bb. Descargar PDF EPUB LOS PIES EN LA TIERRA Y LAS MANOS EN LA COMUNIDAD_____________ ENTREVISTA CON DULCE SANTANA Entender que el futuro de las comunidades est\u00e1 vinculado al futuro de nuestros negocios y verlo de forma sist\u00e9mica es fundamental para empezar a trabajar. Descargar PDF EPUB LINCOLN_____________ \u00a0 Ver anuncio C\u00d3MO AGILIZAR A LA INDUSTRIA RESTAURANTERA_____________ ENTREVISTA CON ALBERTO SADA \u00ab70% de los productos se desperdicia antes de llegar a la cocina. El problema est\u00e1 en la cadena, donde el agricultor le vende al intermediario\u00bb. Descargar PDF EPUB \u00bfSE PUEDE GENERAR AGUA DEL AIRE?_____________ ENTREVISTA CON MAURICIO BONILLA \u00abPodemos ahorrar cerca de 80% del agua en el sector agr\u00edcola, pero el problema es convencer a los agricultores que lo usen. Un ejemplo es el riego por goteo. La innovaci\u00f3n se conoce a nivel mundial\u00bb. Descargar PDF EPUB<\/p>\n","protected":false},"author":1,"featured_media":0,"parent":0,"menu_order":0,"comment_status":"closed","ping_status":"closed","template":"","meta":{"om_disable_all_campaigns":false,"footnotes":""},"class_list":["post-2660296","page","type-page","status-publish","hentry"],"yoast_head":"<!-- This site is optimized with the Yoast SEO Premium plugin v21.2 (Yoast SEO v27.6) - https:\/\/yoast.com\/product\/yoast-seo-premium-wordpress\/ -->\n<title>istmo review 11 - Revista ISTMO<\/title>\n<meta name=\"robots\" content=\"index, follow, max-snippet:-1, max-image-preview:large, max-video-preview:-1\" \/>\n<link rel=\"canonical\" href=\"https:\/\/dim-id.com\/pruebaentradas2023\/istmo-review-11\/\" \/>\n<meta property=\"og:locale\" content=\"es_MX\" \/>\n<meta property=\"og:type\" content=\"article\" \/>\n<meta property=\"og:title\" content=\"istmo review 11\" \/>\n<meta property=\"og:description\" content=\"istmo review 11 Agosto &#8211; Septiembre 2022 Haz clic en la portada y obt\u00e9n la versi\u00f3n hojeable. Tambi\u00e9n encontrar\u00e1s disponible las opciones de descarga EPUB y PDF. \u00a1Bienvenido! Descargar PDF EPUB MERCEDES BENZ__________ Ver anuncio EDITORIAL____________ \u00bfC\u00f3mo alimentar a todos?\u00bb. Apostamos por analizar esta tem\u00e1tica, pues, sin duda, estamos frente a un horizonte complejo: el cambio clim\u00e1tico ha afectado la seguridad alimentaria por bajos rendimientos de cultivos y de productividad del ganado, y, por otro lado, en el mundo se desperdician 931 millones de toneladas de alimentos cada a\u00f1o. Ante este panorama, \u00bfqu\u00e9 acciones se pueden llevar a cabo? Descargar PDF EPUB CONOCE A LOS ARTICULISTAS DE ESTA EDICI\u00d3N_____________ Descargar PDF EPUB LOS FONDOS POR LA PANDEMIA PARA CONECTAR RESERVAS IND\u00cdGENAS CHOCAN CON LA INFLACI\u00d3N____________ ROBERT CHANEY Fuera de las ciudades y los suburbios, que ocupan apenas el 3% del territorio de EE UU, a\u00fan resulta complicado conseguir un servicio de internet fiable. EPUB MONTBLANC_____________ Ver anuncio HOW THE RETAIL GROCERY SECTOR DEALT WITH THE PANDEMIC_____________ INTERVIEW WITH SCOTT MCCLELLAND \u00abIf you can tap into the collective intelligence of all the people who work for you, it makes it a lot easier and takes the pressure off a few because everyone can then contribute\u00bb. Descargar PDF EPUB C\u00d3MO TRABAJAR EN UN SINDICATO_____________ ENTREVISTA CON ALEJANDRO MART\u00cdMEZ ARAIZA \u00abEl papel de cualquier l\u00edder es inspirar, orientar, ser ejemplo, sacar lo mejor de las personas, formar equipos de trabajo\u2026 y eso incluye al liderazgo sindical\u00bb. Descargar PDF EPUB LOS PIES EN LA TIERRA Y LAS MANOS EN LA COMUNIDAD_____________ ENTREVISTA CON DULCE SANTANA Entender que el futuro de las comunidades est\u00e1 vinculado al futuro de nuestros negocios y verlo de forma sist\u00e9mica es fundamental para empezar a trabajar. Descargar PDF EPUB LINCOLN_____________ \u00a0 Ver anuncio C\u00d3MO AGILIZAR A LA INDUSTRIA RESTAURANTERA_____________ ENTREVISTA CON ALBERTO SADA \u00ab70% de los productos se desperdicia antes de llegar a la cocina. El problema est\u00e1 en la cadena, donde el agricultor le vende al intermediario\u00bb. Descargar PDF EPUB \u00bfSE PUEDE GENERAR AGUA DEL AIRE?_____________ ENTREVISTA CON MAURICIO BONILLA \u00abPodemos ahorrar cerca de 80% del agua en el sector agr\u00edcola, pero el problema es convencer a los agricultores que lo usen. Un ejemplo es el riego por goteo. La innovaci\u00f3n se conoce a nivel mundial\u00bb. Descargar PDF EPUB\" \/>\n<meta property=\"og:url\" content=\"https:\/\/dim-id.com\/pruebaentradas2023\/istmo-review-11\/\" \/>\n<meta property=\"og:site_name\" content=\"Revista ISTMO\" \/>\n<meta property=\"article:modified_time\" content=\"2023-11-02T17:16:13+00:00\" \/>\n<meta property=\"og:image\" content=\"https:\/\/dim-id.com\/pruebaentradas2023\/wp-content\/uploads\/2023\/10\/Screen-Shot-2023-10-31-at-15.59.12.png\" \/>\n<meta name=\"twitter:card\" content=\"summary_large_image\" \/>\n<meta name=\"twitter:label1\" content=\"Tiempo de lectura\" \/>\n\t<meta name=\"twitter:data1\" content=\"5 minutos\" \/>\n<script type=\"application\/ld+json\" class=\"yoast-schema-graph\">{\"@context\":\"https:\\\/\\\/schema.org\",\"@graph\":[{\"@type\":\"WebPage\",\"@id\":\"https:\\\/\\\/dim-id.com\\\/pruebaentradas2023\\\/istmo-review-11\\\/\",\"url\":\"https:\\\/\\\/dim-id.com\\\/pruebaentradas2023\\\/istmo-review-11\\\/\",\"name\":\"istmo review 11 - Revista ISTMO\",\"isPartOf\":{\"@id\":\"https:\\\/\\\/dim-id.com\\\/pruebaentradas2023\\\/#website\"},\"primaryImageOfPage\":{\"@id\":\"https:\\\/\\\/dim-id.com\\\/pruebaentradas2023\\\/istmo-review-11\\\/#primaryimage\"},\"image\":{\"@id\":\"https:\\\/\\\/dim-id.com\\\/pruebaentradas2023\\\/istmo-review-11\\\/#primaryimage\"},\"thumbnailUrl\":\"https:\\\/\\\/dim-id.com\\\/pruebaentradas2023\\\/wp-content\\\/uploads\\\/2023\\\/10\\\/Screen-Shot-2023-10-31-at-15.59.12.png\",\"datePublished\":\"2023-10-31T22:00:35+00:00\",\"dateModified\":\"2023-11-02T17:16:13+00:00\",\"breadcrumb\":{\"@id\":\"https:\\\/\\\/dim-id.com\\\/pruebaentradas2023\\\/istmo-review-11\\\/#breadcrumb\"},\"inLanguage\":\"es\",\"potentialAction\":[{\"@type\":\"ReadAction\",\"target\":[\"https:\\\/\\\/dim-id.com\\\/pruebaentradas2023\\\/istmo-review-11\\\/\"]}]},{\"@type\":\"ImageObject\",\"inLanguage\":\"es\",\"@id\":\"https:\\\/\\\/dim-id.com\\\/pruebaentradas2023\\\/istmo-review-11\\\/#primaryimage\",\"url\":\"https:\\\/\\\/i0.wp.com\\\/dim-id.com\\\/pruebaentradas2023\\\/wp-content\\\/uploads\\\/2023\\\/10\\\/Screen-Shot-2023-10-31-at-15.59.12.png?fit=233%2C280&ssl=1\",\"contentUrl\":\"https:\\\/\\\/i0.wp.com\\\/dim-id.com\\\/pruebaentradas2023\\\/wp-content\\\/uploads\\\/2023\\\/10\\\/Screen-Shot-2023-10-31-at-15.59.12.png?fit=233%2C280&ssl=1\",\"width\":233,\"height\":280},{\"@type\":\"BreadcrumbList\",\"@id\":\"https:\\\/\\\/dim-id.com\\\/pruebaentradas2023\\\/istmo-review-11\\\/#breadcrumb\",\"itemListElement\":[{\"@type\":\"ListItem\",\"position\":1,\"name\":\"Home\",\"item\":\"https:\\\/\\\/dim-id.com\\\/pruebaentradas2023\\\/\"},{\"@type\":\"ListItem\",\"position\":2,\"name\":\"istmo review 11\"}]},{\"@type\":\"WebSite\",\"@id\":\"https:\\\/\\\/dim-id.com\\\/pruebaentradas2023\\\/#website\",\"url\":\"https:\\\/\\\/dim-id.com\\\/pruebaentradas2023\\\/\",\"name\":\"Revista ISTMO\",\"description\":\"Liderazgo con valores\",\"potentialAction\":[{\"@type\":\"SearchAction\",\"target\":{\"@type\":\"EntryPoint\",\"urlTemplate\":\"https:\\\/\\\/dim-id.com\\\/pruebaentradas2023\\\/?s={search_term_string}\"},\"query-input\":{\"@type\":\"PropertyValueSpecification\",\"valueRequired\":true,\"valueName\":\"search_term_string\"}}],\"inLanguage\":\"es\"}]}<\/script>\n<!-- \/ Yoast SEO Premium plugin. -->","yoast_head_json":{"title":"istmo review 11 - Revista ISTMO","robots":{"index":"index","follow":"follow","max-snippet":"max-snippet:-1","max-image-preview":"max-image-preview:large","max-video-preview":"max-video-preview:-1"},"canonical":"https:\/\/dim-id.com\/pruebaentradas2023\/istmo-review-11\/","og_locale":"es_MX","og_type":"article","og_title":"istmo review 11","og_description":"istmo review 11 Agosto &#8211; Septiembre 2022 Haz clic en la portada y obt\u00e9n la versi\u00f3n hojeable. Tambi\u00e9n encontrar\u00e1s disponible las opciones de descarga EPUB y PDF. \u00a1Bienvenido! Descargar PDF EPUB MERCEDES BENZ__________ Ver anuncio EDITORIAL____________ \u00bfC\u00f3mo alimentar a todos?\u00bb. Apostamos por analizar esta tem\u00e1tica, pues, sin duda, estamos frente a un horizonte complejo: el cambio clim\u00e1tico ha afectado la seguridad alimentaria por bajos rendimientos de cultivos y de productividad del ganado, y, por otro lado, en el mundo se desperdician 931 millones de toneladas de alimentos cada a\u00f1o. Ante este panorama, \u00bfqu\u00e9 acciones se pueden llevar a cabo? Descargar PDF EPUB CONOCE A LOS ARTICULISTAS DE ESTA EDICI\u00d3N_____________ Descargar PDF EPUB LOS FONDOS POR LA PANDEMIA PARA CONECTAR RESERVAS IND\u00cdGENAS CHOCAN CON LA INFLACI\u00d3N____________ ROBERT CHANEY Fuera de las ciudades y los suburbios, que ocupan apenas el 3% del territorio de EE UU, a\u00fan resulta complicado conseguir un servicio de internet fiable. EPUB MONTBLANC_____________ Ver anuncio HOW THE RETAIL GROCERY SECTOR DEALT WITH THE PANDEMIC_____________ INTERVIEW WITH SCOTT MCCLELLAND \u00abIf you can tap into the collective intelligence of all the people who work for you, it makes it a lot easier and takes the pressure off a few because everyone can then contribute\u00bb. Descargar PDF EPUB C\u00d3MO TRABAJAR EN UN SINDICATO_____________ ENTREVISTA CON ALEJANDRO MART\u00cdMEZ ARAIZA \u00abEl papel de cualquier l\u00edder es inspirar, orientar, ser ejemplo, sacar lo mejor de las personas, formar equipos de trabajo\u2026 y eso incluye al liderazgo sindical\u00bb. Descargar PDF EPUB LOS PIES EN LA TIERRA Y LAS MANOS EN LA COMUNIDAD_____________ ENTREVISTA CON DULCE SANTANA Entender que el futuro de las comunidades est\u00e1 vinculado al futuro de nuestros negocios y verlo de forma sist\u00e9mica es fundamental para empezar a trabajar. Descargar PDF EPUB LINCOLN_____________ \u00a0 Ver anuncio C\u00d3MO AGILIZAR A LA INDUSTRIA RESTAURANTERA_____________ ENTREVISTA CON ALBERTO SADA \u00ab70% de los productos se desperdicia antes de llegar a la cocina. El problema est\u00e1 en la cadena, donde el agricultor le vende al intermediario\u00bb. Descargar PDF EPUB \u00bfSE PUEDE GENERAR AGUA DEL AIRE?_____________ ENTREVISTA CON MAURICIO BONILLA \u00abPodemos ahorrar cerca de 80% del agua en el sector agr\u00edcola, pero el problema es convencer a los agricultores que lo usen. Un ejemplo es el riego por goteo. La innovaci\u00f3n se conoce a nivel mundial\u00bb. Descargar PDF EPUB","og_url":"https:\/\/dim-id.com\/pruebaentradas2023\/istmo-review-11\/","og_site_name":"Revista ISTMO","article_modified_time":"2023-11-02T17:16:13+00:00","og_image":[{"url":"https:\/\/dim-id.com\/pruebaentradas2023\/wp-content\/uploads\/2023\/10\/Screen-Shot-2023-10-31-at-15.59.12.png","type":"","width":"","height":""}],"twitter_card":"summary_large_image","twitter_misc":{"Tiempo de lectura":"5 minutos"},"schema":{"@context":"https:\/\/schema.org","@graph":[{"@type":"WebPage","@id":"https:\/\/dim-id.com\/pruebaentradas2023\/istmo-review-11\/","url":"https:\/\/dim-id.com\/pruebaentradas2023\/istmo-review-11\/","name":"istmo review 11 - Revista ISTMO","isPartOf":{"@id":"https:\/\/dim-id.com\/pruebaentradas2023\/#website"},"primaryImageOfPage":{"@id":"https:\/\/dim-id.com\/pruebaentradas2023\/istmo-review-11\/#primaryimage"},"image":{"@id":"https:\/\/dim-id.com\/pruebaentradas2023\/istmo-review-11\/#primaryimage"},"thumbnailUrl":"https:\/\/dim-id.com\/pruebaentradas2023\/wp-content\/uploads\/2023\/10\/Screen-Shot-2023-10-31-at-15.59.12.png","datePublished":"2023-10-31T22:00:35+00:00","dateModified":"2023-11-02T17:16:13+00:00","breadcrumb":{"@id":"https:\/\/dim-id.com\/pruebaentradas2023\/istmo-review-11\/#breadcrumb"},"inLanguage":"es","potentialAction":[{"@type":"ReadAction","target":["https:\/\/dim-id.com\/pruebaentradas2023\/istmo-review-11\/"]}]},{"@type":"ImageObject","inLanguage":"es","@id":"https:\/\/dim-id.com\/pruebaentradas2023\/istmo-review-11\/#primaryimage","url":"https:\/\/i0.wp.com\/dim-id.com\/pruebaentradas2023\/wp-content\/uploads\/2023\/10\/Screen-Shot-2023-10-31-at-15.59.12.png?fit=233%2C280&ssl=1","contentUrl":"https:\/\/i0.wp.com\/dim-id.com\/pruebaentradas2023\/wp-content\/uploads\/2023\/10\/Screen-Shot-2023-10-31-at-15.59.12.png?fit=233%2C280&ssl=1","width":233,"height":280},{"@type":"BreadcrumbList","@id":"https:\/\/dim-id.com\/pruebaentradas2023\/istmo-review-11\/#breadcrumb","itemListElement":[{"@type":"ListItem","position":1,"name":"Home","item":"https:\/\/dim-id.com\/pruebaentradas2023\/"},{"@type":"ListItem","position":2,"name":"istmo review 11"}]},{"@type":"WebSite","@id":"https:\/\/dim-id.com\/pruebaentradas2023\/#website","url":"https:\/\/dim-id.com\/pruebaentradas2023\/","name":"Revista ISTMO","description":"Liderazgo con valores","potentialAction":[{"@type":"SearchAction","target":{"@type":"EntryPoint","urlTemplate":"https:\/\/dim-id.com\/pruebaentradas2023\/?s={search_term_string}"},"query-input":{"@type":"PropertyValueSpecification","valueRequired":true,"valueName":"search_term_string"}}],"inLanguage":"es"}]}},"jetpack_sharing_enabled":true,"_links":{"self":[{"href":"https:\/\/dim-id.com\/pruebaentradas2023\/wp-json\/wp\/v2\/pages\/2660296","targetHints":{"allow":["GET"]}}],"collection":[{"href":"https:\/\/dim-id.com\/pruebaentradas2023\/wp-json\/wp\/v2\/pages"}],"about":[{"href":"https:\/\/dim-id.com\/pruebaentradas2023\/wp-json\/wp\/v2\/types\/page"}],"author":[{"embeddable":true,"href":"https:\/\/dim-id.com\/pruebaentradas2023\/wp-json\/wp\/v2\/users\/1"}],"replies":[{"embeddable":true,"href":"https:\/\/dim-id.com\/pruebaentradas2023\/wp-json\/wp\/v2\/comments?post=2660296"}],"version-history":[{"count":8,"href":"https:\/\/dim-id.com\/pruebaentradas2023\/wp-json\/wp\/v2\/pages\/2660296\/revisions"}],"predecessor-version":[{"id":2660709,"href":"https:\/\/dim-id.com\/pruebaentradas2023\/wp-json\/wp\/v2\/pages\/2660296\/revisions\/2660709"}],"wp:attachment":[{"href":"https:\/\/dim-id.com\/pruebaentradas2023\/wp-json\/wp\/v2\/media?parent=2660296"}],"curies":[{"name":"wp","href":"https:\/\/api.w.org\/{rel}","templated":true}]}}